{"id":12,"date":"2022-05-21T01:29:41","date_gmt":"2022-05-21T01:29:41","guid":{"rendered":"https:\/\/diagnostica.co\/actual\/?page_id=12"},"modified":"2022-06-07T18:08:53","modified_gmt":"2022-06-07T18:08:53","slug":"contactenos","status":"publish","type":"page","link":"https:\/\/diagnostica.co\/actual\/contactenos\/","title":{"rendered":"Cont\u00e1ctenos"},"content":{"rendered":"<div data-colibri-id=\"12-c1\" class=\"style-398 style-local-12-c1 position-relative\">\n  <!---->\n  <div data-colibri-component=\"section\" data-colibri-id=\"12-c2\" id=\"custom\" class=\"h-section h-section-global-spacing d-flex align-items-lg-center align-items-md-center align-items-center style-403 style-local-12-c2 position-relative\">\n    <!---->\n    <!---->\n    <div class=\"h-section-grid-container h-section-boxed-container\">\n      <!---->\n      <div data-colibri-id=\"12-c3\" class=\"h-row-container gutters-row-lg-1 gutters-row-md-1 gutters-row-0 gutters-row-v-lg-1 gutters-row-v-md-1 gutters-row-v-1 style-404 style-local-12-c3 position-relative\">\n        <!---->\n        <div class=\"h-row justify-content-lg-center justify-content-md-center justify-content-center align-items-lg-stretch align-items-md-stretch align-items-stretch gutters-col-lg-1 gutters-col-md-1 gutters-col-0 gutters-col-v-lg-1 gutters-col-v-md-1 gutters-col-v-1\">\n          <!---->\n          <div class=\"h-column h-column-container d-flex h-col-lg-auto h-col-md-auto h-col-auto style-405-outer style-local-12-c4-outer\">\n            <div data-colibri-id=\"12-c4\" class=\"d-flex h-flex-basis h-column__inner h-px-lg-1 h-px-md-1 h-px-1 v-inner-lg-1 v-inner-md-1 v-inner-1 style-405 style-local-12-c4 position-relative\">\n              <!---->\n              <!---->\n              <div class=\"w-100 h-y-container h-column__content h-column__v-align flex-basis-100 align-self-lg-start align-self-md-start align-self-start\">\n                <!---->\n                <div data-colibri-id=\"12-c5\" class=\"h-row-container gutters-row-lg-0 gutters-row-md-0 gutters-row-0 gutters-row-v-lg-0 gutters-row-v-md-0 gutters-row-v-0 style-407 style-local-12-c5 position-relative\">\n                  <!---->\n                  <div class=\"h-row justify-content-lg-center justify-content-md-center justify-content-center align-items-lg-stretch align-items-md-stretch align-items-stretch gutters-col-lg-0 gutters-col-md-0 gutters-col-0 gutters-col-v-lg-0 gutters-col-v-md-0 gutters-col-v-0\">\n                    <!---->\n                    <div class=\"h-column h-column-container d-flex h-col-lg-auto h-col-md-auto h-col-auto style-408-outer style-local-12-c6-outer\">\n                      <div data-colibri-id=\"12-c6\" class=\"d-flex h-flex-basis h-column__inner h-px-lg-0 h-px-md-0 h-px-0 v-inner-lg-0 v-inner-md-0 v-inner-0 style-408 style-local-12-c6 position-relative\">\n                        <!---->\n                        <!---->\n                        <div class=\"w-100 h-y-container h-column__content h-column__v-align flex-basis-100 align-self-lg-start align-self-md-start align-self-start\">\n                          <!---->\n                          <div data-colibri-id=\"12-c7\" class=\"h-global-transition-all h-heading style-410 style-local-12-c7 position-relative h-element\">\n                            <!---->\n                            <div class=\"h-heading__outer style-410 style-local-12-c7\">\n                              <!---->\n                              <!---->\n                              <h5 class=\"\">Direcci\u00f3n<\/h5>\n                            <\/div>\n                          <\/div>\n                          <div data-colibri-id=\"12-c8\" class=\"h-text h-text-component style-411 style-local-12-c8 position-relative h-element\">\n                            <!---->\n                            <!---->\n                            <div class=\"\">\n                              <p>Calle 115 # 55B &#8211; 38 | Barrio Ilarco, Bogot\u00e1, Colombia<\/p>\n                              <p>\n                                <br>\n                              <\/p>\n                              <p>&nbsp;&nbsp;<\/p>\n                            <\/div>\n                          <\/div>\n                          <div data-colibri-id=\"12-c9\" class=\"h-global-transition-all h-heading style-423 style-local-12-c9 position-relative h-element\">\n                            <!---->\n                            <div class=\"h-heading__outer style-423 style-local-12-c9\">\n                              <!---->\n                              <!---->\n                              <h5 class=\"\">Tel\u00e9fonos<\/h5>\n                            <\/div>\n                          <\/div>\n                          <div data-colibri-id=\"12-c10\" class=\"h-text h-text-component style-424 style-local-12-c10 position-relative h-element\">\n                            <!---->\n                            <!---->\n                            <div class=\"\">\n                              <p>(601) 2362680 | 316 396 6481<\/p>\n                            <\/div>\n                          <\/div>\n                        <\/div>\n                      <\/div>\n                    <\/div>\n                    <div class=\"h-column h-column-container d-flex h-col-lg-auto h-col-md-auto h-col-auto style-409-outer style-local-12-c11-outer\">\n                      <div data-colibri-id=\"12-c11\" class=\"d-flex h-flex-basis h-column__inner h-px-lg-0 h-px-md-0 h-px-0 v-inner-lg-0 v-inner-md-0 v-inner-0 style-409 style-local-12-c11 position-relative\">\n                        <!---->\n                        <!---->\n                        <div class=\"w-100 h-y-container h-column__content h-column__v-align flex-basis-100 align-self-lg-start align-self-md-start align-self-start\">\n                          <!---->\n                          <div data-colibri-id=\"12-c12\" class=\"h-global-transition-all h-heading style-413 style-local-12-c12 position-relative h-element\">\n                            <!---->\n                            <div class=\"h-heading__outer style-413 style-local-12-c12\">\n                              <!---->\n                              <!---->\n                              <h5 class=\"\">Correo<\/h5>\n                            <\/div>\n                          <\/div>\n                          <div data-colibri-id=\"12-c13\" class=\"h-global-transition-all h-heading style-425 style-local-12-c13 position-relative h-element\">\n                            <!---->\n                            <div class=\"h-heading__outer style-425 style-local-12-c13\">\n                              <!---->\n                              <!---->\n                              <a href=\"https:\/\/outlook.live.com\/owa\/\" h-use-smooth-scroll=\"true\">\n                                <h5 class=\"\">gerencia@diagnostica.co\n                                  <br>correspondencia@diagnostica.co<\/h5>\n                              <\/a>\n                            <\/div>\n                          <\/div>\n                        <\/div>\n                      <\/div>\n                    <\/div>\n                  <\/div>\n                <\/div>\n              <\/div>\n            <\/div>\n          <\/div>\n          <div class=\"h-column h-column-container d-flex h-col-lg-auto h-col-md-auto h-col-auto style-406-outer style-local-12-c14-outer\">\n            <div data-colibri-id=\"12-c14\" class=\"d-flex h-flex-basis h-column__inner h-px-lg-0 h-px-md-0 h-px-0 v-inner-lg-0 v-inner-md-0 v-inner-0 style-406 style-local-12-c14 position-relative\">\n              <!---->\n              <!---->\n              <div class=\"w-100 h-y-container h-column__content h-column__v-align flex-basis-100 align-self-lg-start align-self-md-start align-self-start\">\n                <!---->\n                <div data-colibri-id=\"12-c15\" class=\"h-contact-form__outer--forminator style-427 style-local-12-c15 position-relative h-element\">\n                  <!---->\n                  <div class=\"h-global-transition-all h-global-transition h-global-transition-all h-contact-form-shortcode\"><div class=\"forminator-ui forminator-custom-form forminator-custom-form-761 forminator-design--default  forminator_ajax\" data-forminator-render=\"0\" data-form=\"forminator-module-761\" data-uid=\"6a04c486946f5\"><br\/><\/div><form\n\t\t\t\tid=\"forminator-module-761\"\n\t\t\t\tclass=\"forminator-ui forminator-custom-form forminator-custom-form-761 forminator-design--default  forminator_ajax\"\n\t\t\t\tmethod=\"post\"\n\t\t\t\tdata-forminator-render=\"0\"\n\t\t\t\tdata-form-id=\"761\"\n\t\t\t\t\n\t\t\t\tdata-design=\"default\"\n\t\t\t\t\n\t\t\t\t\n\t\t\t\t\n\t\t\t\tdata-grid=\"open\"\n\t\t\t\t\n\t\t\t\t\n\t\t\t\tstyle=\"display: none;\"\n\t\t\t\t\n\t\t\t\tdata-uid=\"6a04c486946f5\"\n\t\t\t><div role=\"alert\" aria-live=\"polite\" class=\"forminator-response-message forminator-error\" aria-hidden=\"true\"><\/div><div class=\"forminator-row\"><div id=\"name-1\" class=\"forminator-field-name forminator-col forminator-col-12 \"><div class=\"forminator-field\"><label for=\"forminator-field-name-1_6a04c486946f5\" id=\"forminator-field-name-1_6a04c486946f5-label\" class=\"forminator-label\">Nombre <span class=\"forminator-required\">*<\/span><\/label><input type=\"text\" name=\"name-1\" value=\"\" placeholder=\"Ejemplo: Juan\" id=\"forminator-field-name-1_6a04c486946f5\" class=\"forminator-input forminator-name--field\" aria-required=\"true\" \/><\/div><\/div><\/div><div class=\"forminator-row\"><div id=\"email-1\" class=\"forminator-field-email forminator-col forminator-col-12 \"><div class=\"forminator-field\"><label for=\"forminator-field-email-1_6a04c486946f5\" id=\"forminator-field-email-1_6a04c486946f5-label\" class=\"forminator-label\">Correo electr\u00f3nico <span class=\"forminator-required\">*<\/span><\/label><input type=\"email\" name=\"email-1\" value=\"\" placeholder=\"Ej . : john@doe.com\" id=\"forminator-field-email-1_6a04c486946f5\" class=\"forminator-input forminator-email--field\" data-required=\"true\" aria-required=\"true\" \/><\/div><\/div><\/div><div class=\"forminator-row\"><div id=\"phone-1\" class=\"forminator-field-phone forminator-col forminator-col-12 \"><div class=\"forminator-field\"><label for=\"forminator-field-phone-1_6a04c486946f5\" id=\"forminator-field-phone-1_6a04c486946f5-label\" class=\"forminator-label\">N\u00famero de tel\u00e9fono<\/label><input type=\"text\" name=\"phone-1\" value=\"\" placeholder=\"Ejemplo: +1 3004005000\" id=\"forminator-field-phone-1_6a04c486946f5\" class=\"forminator-input forminator-field--phone\" data-required=\"\" aria-required=\"false\" autocomplete=\"off\" \/><\/div><\/div><\/div><div class=\"forminator-row\"><div id=\"textarea-1\" class=\"forminator-field-textarea forminator-col forminator-col-12 \"><div class=\"forminator-field\"><label for=\"forminator-field-textarea-1_6a04c486946f5\" id=\"forminator-field-textarea-1_6a04c486946f5-label\" class=\"forminator-label\">Mensaje<\/label><textarea name=\"textarea-1\" placeholder=\"Introduce tu mensaje...\" id=\"forminator-field-textarea-1_6a04c486946f5\" class=\"forminator-textarea\" rows=\"6\" style=\"min-height:140px;\" maxlength=\"180\" ><\/textarea><span id=\"forminator-field-textarea-1_6a04c486946f5-description\" class=\"forminator-description\"><span data-limit=\"180\" data-type=\"characters\" data-editor=\"\">0 \/ 180<\/span><\/span><\/div><\/div><\/div><input type=\"hidden\" name=\"referer_url\" value=\"\" \/><div class=\"forminator-row forminator-row-last\"><div class=\"forminator-col\"><div class=\"forminator-field\"><button class=\"forminator-button forminator-button-submit\">Enviar mensaje<\/button><\/div><\/div><\/div><input type=\"hidden\" id=\"forminator_nonce\" name=\"forminator_nonce\" value=\"acde9f2d18\" \/><input type=\"hidden\" name=\"_wp_http_referer\" value=\"\/actual\/wp-json\/wp\/v2\/pages\/12\" \/><input type=\"hidden\" name=\"form_id\" value=\"761\"><input type=\"hidden\" name=\"page_id\" value=\"12\"><input type=\"hidden\" name=\"form_type\" value=\"default\"><input type=\"hidden\" name=\"current_url\" value=\"https:\/\/diagnostica.co\/actual\/contactenos\/\"><input type=\"hidden\" name=\"render_id\" value=\"0\"><input type=\"hidden\" name=\"action\" value=\"forminator_submit_form_custom-forms\"><\/form><\/div>\n                <\/div>\n              <\/div>\n            <\/div>\n          <\/div>\n        <\/div>\n      <\/div>\n    <\/div>\n  <\/div>\n<\/div>","protected":false},"excerpt":{"rendered":"<p>Direcci\u00f3n Calle 115 # 55B &#8211; 38 | Barrio Ilarco, Bogot\u00e1, Colombia &nbsp;&nbsp; Tel\u00e9fonos (601) 2362680 | 316 396 6481 Correo gerencia@diagnostica.co correspondencia@diagnostica.co<\/p>\n","protected":false},"author":1,"featured_media":0,"parent":0,"menu_order":0,"comment_status":"closed","ping_status":"closed","template":"page-templates\/full-width-page.php","meta":{"footnotes":""},"class_list":["post-12","page","type-page","status-publish","hentry"],"jetpack_sharing_enabled":true,"jetpack-related-posts":[],"_links":{"self":[{"href":"https:\/\/diagnostica.co\/actual\/wp-json\/wp\/v2\/pages\/12","targetHints":{"allow":["GET"]}}],"collection":[{"href":"https:\/\/diagnostica.co\/actual\/wp-json\/wp\/v2\/pages"}],"about":[{"href":"https:\/\/diagnostica.co\/actual\/wp-json\/wp\/v2\/types\/page"}],"author":[{"embeddable":true,"href":"https:\/\/diagnostica.co\/actual\/wp-json\/wp\/v2\/users\/1"}],"replies":[{"embeddable":true,"href":"https:\/\/diagnostica.co\/actual\/wp-json\/wp\/v2\/comments?post=12"}],"version-history":[{"count":20,"href":"https:\/\/diagnostica.co\/actual\/wp-json\/wp\/v2\/pages\/12\/revisions"}],"predecessor-version":[{"id":1239,"href":"https:\/\/diagnostica.co\/actual\/wp-json\/wp\/v2\/pages\/12\/revisions\/1239"}],"wp:attachment":[{"href":"https:\/\/diagnostica.co\/actual\/wp-json\/wp\/v2\/media?parent=12"}],"curies":[{"name":"wp","href":"https:\/\/api.w.org\/{rel}","templated":true}]}}