{"id":2,"date":"2022-05-21T01:25:25","date_gmt":"2022-05-21T01:25:25","guid":{"rendered":"https:\/\/diagnostica.co\/actual\/?page_id=2"},"modified":"2022-05-23T18:19:16","modified_gmt":"2022-05-23T18:19:16","slug":"nosotros","status":"publish","type":"page","link":"https:\/\/diagnostica.co\/actual\/nosotros\/","title":{"rendered":"Nosotros"},"content":{"rendered":"<div data-colibri-id=\"2-c1\" class=\"style-352 style-local-2-c1 position-relative\">\r\n  <!---->\r\n  <div data-colibri-component=\"section\" data-colibri-id=\"2-c2\" id=\"custom\" class=\"h-section h-section-global-spacing d-flex align-items-lg-center align-items-md-center align-items-center style-357 style-local-2-c2 position-relative\">\r\n    <!---->\r\n    <!---->\r\n    <div class=\"h-section-grid-container h-section-boxed-container\">\r\n      <!---->\r\n      <div data-colibri-id=\"2-c3\" class=\"h-row-container gutters-row-lg-2 gutters-row-md-2 gutters-row-0 gutters-row-v-lg-2 gutters-row-v-md-2 gutters-row-v-2 style-358 style-local-2-c3 position-relative\">\r\n        <!---->\r\n        <div class=\"h-row justify-content-lg-center justify-content-md-center justify-content-center align-items-lg-stretch align-items-md-stretch align-items-stretch gutters-col-lg-2 gutters-col-md-2 gutters-col-0 gutters-col-v-lg-2 gutters-col-v-md-2 gutters-col-v-2\">\r\n          <!---->\r\n          <div class=\"h-column h-column-container d-flex h-col-lg-auto h-col-md-auto h-col-auto style-359-outer style-local-2-c4-outer\">\r\n            <div data-colibri-id=\"2-c4\" class=\"d-flex h-flex-basis h-column__inner h-px-lg-2 h-px-md-2 h-px-2 v-inner-lg-2 v-inner-md-2 v-inner-2 style-359 style-local-2-c4 position-relative\">\r\n              <!---->\r\n              <!---->\r\n              <div class=\"w-100 h-y-container h-column__content h-column__v-align flex-basis-100 align-self-lg-start align-self-md-start align-self-start\">\r\n                <!---->\r\n                <div data-colibri-id=\"2-c5\" class=\"h-global-transition-all h-heading style-367 style-local-2-c5 position-relative h-element\">\r\n                  <!---->\r\n                  <div class=\"h-heading__outer style-367 style-local-2-c5\">\r\n                    <!---->\r\n                    <!---->\r\n                    <h2 class=\"\">Experiencia<\/h2>\r\n                  <\/div>\r\n                <\/div>\r\n                <div data-colibri-id=\"2-c6\" class=\"h-text h-text-component style-368 style-local-2-c6 position-relative h-element\">\r\n                  <!---->\r\n                  <!---->\r\n                  <div class=\"\">\r\n                    <p>Diagn\u00f3stica IPS S.A.S fue constituida en el a\u00f1o 2009. Desde entonces hemos tenido una amplia experiencia en la prestaci\u00f3n de servicios de diagn\u00f3stico m\u00e9dico con \u00e9nfasis en imagenolog\u00eda.<\/p>\r\n                  <\/div>\r\n                <\/div>\r\n                <div data-colibri-id=\"2-c7\" class=\"h-text h-text-component style-369 style-local-2-c7 position-relative h-element\">\r\n                  <!---->\r\n                  <!---->\r\n                  <div class=\"\">\r\n                    <p>Nuestros clientes son instituciones p\u00fablicas y privadas, en busca de un proveedor con una capacidad log\u00edstica extraordinaria para administrar, coordinar y brindar soluciones a la medida de sus necesidades.<\/p>\r\n                  <\/div>\r\n                <\/div>\r\n              <\/div>\r\n            <\/div>\r\n          <\/div>\r\n          <div class=\"h-column h-column-container d-flex h-col-lg-auto h-col-md-auto h-col-auto style-360-outer style-local-2-c8-outer\">\r\n            <div data-colibri-id=\"2-c8\" class=\"d-flex h-flex-basis h-column__inner h-px-lg-2 h-px-md-2 h-px-2 v-inner-lg-2 v-inner-md-2 v-inner-2 style-360 style-local-2-c8 position-relative\">\r\n              <!---->\r\n              <!---->\r\n              <div class=\"w-100 h-y-container h-column__content h-column__v-align flex-basis-100 align-self-lg-start align-self-md-start align-self-start\">\r\n                <!---->\r\n                <div data-colibri-id=\"2-c9\" class=\"d-block style-370 style-local-2-c9 position-relative h-element\">\r\n                  <!---->\r\n                  <div class=\"h-image__frame-container-outer\">\r\n                    <div class=\"h-image__frame-container\">\r\n                      <!---->\r\n                      <!---->\r\n                      <img data-recalc-dims=\"1\" loading=\"lazy\" decoding=\"async\" width=\"600\" height=\"600\" src=\"https:\/\/i0.wp.com\/diagnostica.co\/actual\/wp-content\/uploads\/2022\/05\/cropped-experiencia-imagenes-para-examenes-proveedor.png?resize=600%2C600&#038;ssl=1\" class=\"wp-image-674 style-370-image style-local-2-c9-image\" alt=\"\" srcset=\"https:\/\/i0.wp.com\/diagnostica.co\/actual\/wp-content\/uploads\/2022\/05\/cropped-experiencia-imagenes-para-examenes-proveedor.png?w=600&amp;ssl=1 600w, https:\/\/i0.wp.com\/diagnostica.co\/actual\/wp-content\/uploads\/2022\/05\/cropped-experiencia-imagenes-para-examenes-proveedor.png?resize=300%2C300&amp;ssl=1 300w, https:\/\/i0.wp.com\/diagnostica.co\/actual\/wp-content\/uploads\/2022\/05\/cropped-experiencia-imagenes-para-examenes-proveedor.png?resize=150%2C150&amp;ssl=1 150w\" sizes=\"auto, (max-width: 600px) 100vw, 600px\" \/>\r\n                      <div class=\"h-image__frame h-hide-lg h-hide-md h-hide-sm style-370-frameImage style-local-2-c9-frameImage\"><\/div>\r\n                    <\/div>\r\n                  <\/div>\r\n                <\/div>\r\n              <\/div>\r\n            <\/div>\r\n          <\/div>\r\n        <\/div>\r\n      <\/div>\r\n    <\/div>\r\n  <\/div>\r\n  <div data-colibri-component=\"section\" data-colibri-id=\"2-c10\" id=\"custom-2\" class=\"h-section h-section-global-spacing d-flex align-items-lg-center align-items-md-center align-items-center style-371 style-local-2-c10 position-relative\">\r\n    <!---->\r\n    <!---->\r\n    <div class=\"h-section-grid-container h-section-boxed-container\">\r\n      <!---->\r\n      <div data-colibri-id=\"2-c11\" class=\"h-row-container gutters-row-lg-2 gutters-row-md-2 gutters-row-0 gutters-row-v-lg-2 gutters-row-v-md-2 gutters-row-v-2 style-372 style-local-2-c11 position-relative\">\r\n        <!---->\r\n        <div class=\"h-row justify-content-lg-center justify-content-md-center justify-content-center align-items-lg-stretch align-items-md-stretch align-items-stretch gutters-col-lg-2 gutters-col-md-2 gutters-col-0 gutters-col-v-lg-2 gutters-col-v-md-2 gutters-col-v-2\">\r\n          <!---->\r\n          <div class=\"h-column h-column-container d-flex h-col-lg-auto h-col-md-auto h-col-auto style-373-outer style-local-2-c12-outer\">\r\n            <div data-colibri-id=\"2-c12\" class=\"d-flex h-flex-basis h-column__inner h-px-lg-2 h-px-md-2 h-px-2 v-inner-lg-2 v-inner-md-2 v-inner-2 style-373 style-local-2-c12 position-relative\">\r\n              <!---->\r\n              <!---->\r\n              <div class=\"w-100 h-y-container h-column__content h-column__v-align flex-basis-100 align-self-lg-start align-self-md-start align-self-start\">\r\n                <!---->\r\n                <div data-colibri-id=\"2-c13\" class=\"d-block style-375 style-local-2-c13 position-relative h-element\">\r\n                  <!---->\r\n                  <div class=\"h-image__frame-container-outer\">\r\n                    <div class=\"h-image__frame-container\">\r\n                      <!---->\r\n                      <!---->\r\n                      <img data-recalc-dims=\"1\" loading=\"lazy\" decoding=\"async\" width=\"600\" height=\"600\" src=\"https:\/\/i0.wp.com\/diagnostica.co\/actual\/wp-content\/uploads\/2022\/05\/cropped-diagnostica-imagenes-medicas-bogota-software-nuestro-equipo.png?resize=600%2C600&#038;ssl=1\" class=\"wp-image-694 style-375-image style-local-2-c13-image\" alt=\"\" srcset=\"https:\/\/i0.wp.com\/diagnostica.co\/actual\/wp-content\/uploads\/2022\/05\/cropped-diagnostica-imagenes-medicas-bogota-software-nuestro-equipo.png?w=600&amp;ssl=1 600w, https:\/\/i0.wp.com\/diagnostica.co\/actual\/wp-content\/uploads\/2022\/05\/cropped-diagnostica-imagenes-medicas-bogota-software-nuestro-equipo.png?resize=300%2C300&amp;ssl=1 300w, https:\/\/i0.wp.com\/diagnostica.co\/actual\/wp-content\/uploads\/2022\/05\/cropped-diagnostica-imagenes-medicas-bogota-software-nuestro-equipo.png?resize=150%2C150&amp;ssl=1 150w\" sizes=\"auto, (max-width: 600px) 100vw, 600px\" \/>\r\n                      <div class=\"h-image__frame h-hide-lg h-hide-md h-hide-sm style-375-frameImage style-local-2-c13-frameImage\"><\/div>\r\n                    <\/div>\r\n                  <\/div>\r\n                <\/div>\r\n              <\/div>\r\n            <\/div>\r\n          <\/div>\r\n          <div class=\"h-column h-column-container d-flex h-col-lg-auto h-col-md-auto h-col-auto style-374-outer style-local-2-c14-outer\">\r\n            <div data-colibri-id=\"2-c14\" class=\"d-flex h-flex-basis h-column__inner h-px-lg-2 h-px-md-2 h-px-2 v-inner-lg-2 v-inner-md-2 v-inner-2 style-374 style-local-2-c14 position-relative\">\r\n              <!---->\r\n              <!---->\r\n              <div class=\"w-100 h-y-container h-column__content h-column__v-align flex-basis-100 align-self-lg-start align-self-md-start align-self-start\">\r\n                <!---->\r\n                <div data-colibri-id=\"2-c15\" class=\"h-text h-text-component style-376 style-local-2-c15 position-relative h-element\">\r\n                  <!---->\r\n                  <!---->\r\n                  <div class=\"\">\r\n                    <p>Nos especializamos en la soluci\u00f3n de las macro necesidades de las redes integradas de servicios de salud, que necesitan procedimientos a la medida en diagn\u00f3stico m\u00e9dico<\/p>\r\n                  <\/div>\r\n                <\/div>\r\n                <div data-colibri-id=\"2-c16\" class=\"h-global-transition-all h-heading style-377 style-local-2-c16 position-relative h-element\">\r\n                  <!---->\r\n                  <div class=\"h-heading__outer style-377 style-local-2-c16\">\r\n                    <!---->\r\n                    <!---->\r\n                    <h5 class=\"\">Clientes satisfechos<\/h5>\r\n                  <\/div>\r\n                <\/div>\r\n                <div data-colibri-id=\"2-c17\" class=\"icon-list d-flex justify-content-lg-start justify-content-md-start justify-content-start style-378 style-local-2-c17 position-relative h-element\">\r\n                  <!---->\r\n                  <ul class=\"ul-list-icon vertical-on-desktop vertical-on-tablet vertical-on-mobile justify-content-lg-start justify-content-md-start justify-content-start\">\r\n                    <!---->\r\n                    <li class=\"list-item no-gutters\">\r\n                      <!---->\r\n                      <div class=\"list-container-divider d-flex justify-content-lg-start justify-content-md-start justify-content-start first-el-spacer\"><\/div> <span class=\"item-link no-gutters\"><div class=\"d-flex h-col no-gutters align-items-lg-center align-items-md-center align-items-center list-item-text-wrapper\"><div class=\"d-flex\"><span  class=\"h-svg-icon style-378-icon style-local-2-c17-icon\"><!--Icon by Font Awesome (https:\/\/fontawesome.com)--><svg version=\"1.1\" xmlns=\"http:\/\/www.w3.org\/2000\/svg\" xmlns:xlink=\"http:\/\/www.w3.org\/1999\/xlink\" id=\"check\" viewBox=\"0 0 1792 1896.0833\"><path d=\"M1671 566q0 40-28 68l-724 724-136 136q-28 28-68 28t-68-28l-136-136-362-362q-28-28-28-68t28-68l136-136q28-28 68-28t68 28l294 295 656-657q28-28 68-28t68 28l136 136q28 28 28 68z\"><\/path><\/svg><\/span><\/div>\r\n                <span class=\"list-text d-block\"><span>Subred integrada de servicios de salud Centro Oriente<\/span><\/span>\r\n              <\/div>\r\n              <\/span>\r\n              <div class=\"list-container-divider d-flex justify-content-lg-start justify-content-md-start justify-content-start\">\r\n                <!---->\r\n              <\/div>\r\n              <\/li>\r\n              <li class=\"list-item no-gutters\">\r\n                <!---->\r\n                <!----><span class=\"item-link no-gutters\"><div class=\"d-flex h-col no-gutters align-items-lg-center align-items-md-center align-items-center list-item-text-wrapper\"><div class=\"d-flex\"><span  class=\"h-svg-icon style-378-icon style-local-2-c17-icon\"><!--Icon by Font Awesome (https:\/\/fontawesome.com)--><svg version=\"1.1\" xmlns=\"http:\/\/www.w3.org\/2000\/svg\" xmlns:xlink=\"http:\/\/www.w3.org\/1999\/xlink\" id=\"check\" viewBox=\"0 0 1792 1896.0833\"><path d=\"M1671 566q0 40-28 68l-724 724-136 136q-28 28-68 28t-68-28l-136-136-362-362q-28-28-28-68t28-68l136-136q28-28 68-28t68 28l294 295 656-657q28-28 68-28t68 28l136 136q28 28 28 68z\"><\/path><\/svg><\/span><\/div>\r\n            <span class=\"list-text d-block\"><span>Subred integrada de servicios de salud Sur<\/span><\/span>\r\n          <\/div>\r\n          <\/span>\r\n          <div class=\"list-container-divider d-flex justify-content-lg-start justify-content-md-start justify-content-start\">\r\n            <!---->\r\n          <\/div>\r\n          <\/li>\r\n          <li class=\"list-item no-gutters\">\r\n            <!---->\r\n            <!----><span class=\"item-link no-gutters\"><div class=\"d-flex h-col no-gutters align-items-lg-center align-items-md-center align-items-center list-item-text-wrapper\"><div class=\"d-flex\"><span  class=\"h-svg-icon style-378-icon style-local-2-c17-icon\"><!--Icon by Font Awesome (https:\/\/fontawesome.com)--><svg version=\"1.1\" xmlns=\"http:\/\/www.w3.org\/2000\/svg\" xmlns:xlink=\"http:\/\/www.w3.org\/1999\/xlink\" id=\"check\" viewBox=\"0 0 1792 1896.0833\"><path d=\"M1671 566q0 40-28 68l-724 724-136 136q-28 28-68 28t-68-28l-136-136-362-362q-28-28-28-68t28-68l136-136q28-28 68-28t68 28l294 295 656-657q28-28 68-28t68 28l136 136q28 28 28 68z\"><\/path><\/svg><\/span><\/div>\r\n        <span class=\"list-text d-block\"><span>Hospital de Suba<\/span><\/span>\r\n      <\/div>\r\n      <\/span>\r\n      <div class=\"list-container-divider d-flex justify-content-lg-start justify-content-md-start justify-content-start\">\r\n        <!---->\r\n      <\/div>\r\n      <\/li>\r\n      <li class=\"list-item no-gutters\">\r\n        <!---->\r\n        <!----><span class=\"item-link no-gutters\"><div class=\"d-flex h-col no-gutters align-items-lg-center align-items-md-center align-items-center list-item-text-wrapper\"><div class=\"d-flex\"><span  class=\"h-svg-icon style-378-icon style-local-2-c17-icon\"><!--Icon by Font Awesome (https:\/\/fontawesome.com)--><svg version=\"1.1\" xmlns=\"http:\/\/www.w3.org\/2000\/svg\" xmlns:xlink=\"http:\/\/www.w3.org\/1999\/xlink\" id=\"check\" viewBox=\"0 0 1792 1896.0833\"><path d=\"M1671 566q0 40-28 68l-724 724-136 136q-28 28-68 28t-68-28l-136-136-362-362q-28-28-28-68t28-68l136-136q28-28 68-28t68 28l294 295 656-657q28-28 68-28t68 28l136 136q28 28 28 68z\"><\/path><\/svg><\/span><\/div>\r\n    <span class=\"list-text d-block\"><span>Cl\u00ednica Valle del Sol<\/span><\/span>\r\n  <\/div>\r\n  <\/span>\r\n  <div class=\"list-container-divider d-flex justify-content-lg-start justify-content-md-start justify-content-start\">\r\n    <!---->\r\n  <\/div>\r\n  <\/li>\r\n  <li class=\"list-item no-gutters\">\r\n    <!---->\r\n    <!----><span class=\"item-link no-gutters\"><div class=\"d-flex h-col no-gutters align-items-lg-center align-items-md-center align-items-center list-item-text-wrapper\"><div class=\"d-flex\"><span  class=\"h-svg-icon style-378-icon style-local-2-c17-icon\"><!--Icon by Font Awesome (https:\/\/fontawesome.com)--><svg version=\"1.1\" xmlns=\"http:\/\/www.w3.org\/2000\/svg\" xmlns:xlink=\"http:\/\/www.w3.org\/1999\/xlink\" id=\"check\" viewBox=\"0 0 1792 1896.0833\"><path d=\"M1671 566q0 40-28 68l-724 724-136 136q-28 28-68 28t-68-28l-136-136-362-362q-28-28-28-68t28-68l136-136q28-28 68-28t68 28l294 295 656-657q28-28 68-28t68 28l136 136q28 28 28 68z\"><\/path><\/svg><\/span><\/div>\r\n<span class=\"list-text d-block\"><span>Hospital Mario Gait\u00e1n Yanguas Soacha<\/span><\/span>\r\n<\/div>\r\n<\/span>\r\n<div class=\"list-container-divider d-flex justify-content-lg-start justify-content-md-start justify-content-start\">\r\n  <!---->\r\n<\/div>\r\n<\/li>\r\n<li class=\"list-item no-gutters\">\r\n  <!---->\r\n  <!----><span class=\"item-link no-gutters\"><div class=\"d-flex h-col no-gutters align-items-lg-center align-items-md-center align-items-center list-item-text-wrapper\"><div class=\"d-flex\"><span  class=\"h-svg-icon style-378-icon style-local-2-c17-icon\"><!--Icon by Font Awesome (https:\/\/fontawesome.com)--><svg version=\"1.1\" xmlns=\"http:\/\/www.w3.org\/2000\/svg\" xmlns:xlink=\"http:\/\/www.w3.org\/1999\/xlink\" id=\"check\" viewBox=\"0 0 1792 1896.0833\"><path d=\"M1671 566q0 40-28 68l-724 724-136 136q-28 28-68 28t-68-28l-136-136-362-362q-28-28-28-68t28-68l136-136q28-28 68-28t68 28l294 295 656-657q28-28 68-28t68 28l136 136q28 28 28 68z\"><\/path><\/svg><\/span><\/div>\r\n  <span class=\"list-text d-block\"><span>Cl\u00ednica Medifaca<\/span><\/span>\r\n  <\/div>\r\n  <\/span>\r\n  <div class=\"list-container-divider d-flex justify-content-lg-start justify-content-md-start justify-content-start\">\r\n    <!---->\r\n  <\/div>\r\n<\/li>\r\n<li class=\"list-item no-gutters\">\r\n  <!---->\r\n  <!----><span class=\"item-link no-gutters\"><div class=\"d-flex h-col no-gutters align-items-lg-center align-items-md-center align-items-center list-item-text-wrapper\"><div class=\"d-flex\"><span  class=\"h-svg-icon style-378-icon style-local-2-c17-icon\"><!--Icon by Font Awesome (https:\/\/fontawesome.com)--><svg version=\"1.1\" xmlns=\"http:\/\/www.w3.org\/2000\/svg\" xmlns:xlink=\"http:\/\/www.w3.org\/1999\/xlink\" id=\"check\" viewBox=\"0 0 1792 1896.0833\"><path d=\"M1671 566q0 40-28 68l-724 724-136 136q-28 28-68 28t-68-28l-136-136-362-362q-28-28-28-68t28-68l136-136q28-28 68-28t68 28l294 295 656-657q28-28 68-28t68 28l136 136q28 28 28 68z\"><\/path><\/svg><\/span><\/div>\r\n  <span class=\"list-text d-block\"><span>Bienaventuranza IPS<\/span><\/span>\r\n  <\/div>\r\n  <\/span>\r\n  <div class=\"list-container-divider d-flex justify-content-lg-start justify-content-md-start justify-content-start\" style=\"display: none;\">\r\n    <!---->\r\n  <\/div>\r\n  <div class=\"list-container-divider d-flex justify-content-lg-start justify-content-md-start justify-content-start last-el-spacer\"><\/div>\r\n<\/li>\r\n<\/ul>\r\n<\/div>\r\n<\/div>\r\n<\/div>\r\n<\/div>\r\n<\/div>\r\n<\/div>\r\n<\/div>\r\n<\/div>\r\n<div data-colibri-component=\"section\" data-colibri-id=\"2-c18\" id=\"custom-3\" class=\"h-section h-section-global-spacing d-flex align-items-lg-center align-items-md-center align-items-center style-379 style-local-2-c18 position-relative\">\r\n  <!---->\r\n  <!---->\r\n  <div class=\"h-section-grid-container h-section-boxed-container\">\r\n    <!---->\r\n    <div data-colibri-id=\"2-c19\" class=\"h-row-container gutters-row-lg-2 gutters-row-md-2 gutters-row-0 gutters-row-v-lg-2 gutters-row-v-md-2 gutters-row-v-2 style-380 style-local-2-c19 position-relative\">\r\n      <!---->\r\n      <div class=\"h-row justify-content-lg-center justify-content-md-center justify-content-center align-items-lg-stretch align-items-md-stretch align-items-stretch gutters-col-lg-2 gutters-col-md-2 gutters-col-0 gutters-col-v-lg-2 gutters-col-v-md-2 gutters-col-v-2\">\r\n        <!---->\r\n        <div class=\"h-column h-column-container d-flex h-col-lg-auto h-col-md-auto h-col-auto style-381-outer style-local-2-c20-outer\">\r\n          <div data-colibri-id=\"2-c20\" class=\"d-flex h-flex-basis h-column__inner h-px-lg-2 h-px-md-2 h-px-2 v-inner-lg-2 v-inner-md-2 v-inner-2 style-381 style-local-2-c20 position-relative\">\r\n            <!---->\r\n            <!---->\r\n            <div class=\"w-100 h-y-container h-column__content h-column__v-align flex-basis-100 align-self-lg-start align-self-md-start align-self-start\">\r\n              <!---->\r\n              <div data-colibri-id=\"2-c21\" class=\"h-global-transition-all h-heading style-391 style-local-2-c21 position-relative h-element\">\r\n                <!---->\r\n                <div class=\"h-heading__outer style-391 style-local-2-c21\">\r\n                  <!---->\r\n                  <!---->\r\n                  <h3 class=\"\">Nuestro equipo<\/h3>\r\n                <\/div>\r\n              <\/div>\r\n              <div data-colibri-id=\"2-c22\" class=\"h-text h-text-component style-392 style-local-2-c22 position-relative h-element\">\r\n                <!---->\r\n                <!---->\r\n                <div class=\"\">\r\n                  <p>Contamos con profesionales altamente preparados: m\u00e9dicos radi\u00f3logos, subespecialistas, personal administrativo, ingenieros biom\u00e9dicos y de software, tecn\u00f3logos en radiolog\u00eda, etc. Todos nuestros miembros estas comprometidos con una excelente\r\n                    prestaci\u00f3n de servicio.<\/p>\r\n                <\/div>\r\n              <\/div>\r\n              <div data-colibri-id=\"2-c23\" class=\"h-global-transition-all h-heading style-393 style-local-2-c23 position-relative h-element\">\r\n                <!---->\r\n                <div class=\"h-heading__outer style-393 style-local-2-c23\">\r\n                  <!---->\r\n                  <!---->\r\n                  <h3 class=\"\">Responsabilidad social<\/h3>\r\n                <\/div>\r\n              <\/div>\r\n              <div data-colibri-id=\"2-c24\" class=\"h-text h-text-component style-394 style-local-2-c24 position-relative h-element\">\r\n                <!---->\r\n                <!---->\r\n                <div class=\"\">\r\n                  <p>En Diagn\u00f3stica IPS creemos que lo m\u00e1s importante es brindar un buen servicio, que les permita a las personas acceder a su derecho a la salud y obtener un diagn\u00f3stico acertado; esto por medio de la prestaci\u00f3n de nuestros servicios como\r\n                    terceros.<\/p>\r\n                <\/div>\r\n              <\/div>\r\n              <div data-colibri-id=\"2-c25\" class=\"h-global-transition-all h-heading style-395 style-local-2-c25 position-relative h-element\">\r\n                <!---->\r\n                <div class=\"h-heading__outer style-395 style-local-2-c25\">\r\n                  <!---->\r\n                  <!---->\r\n                  <h3 class=\"\">Red de atenci\u00f3n<\/h3>\r\n                <\/div>\r\n              <\/div>\r\n              <div data-colibri-id=\"2-c26\" class=\"h-text h-text-component style-396 style-local-2-c26 position-relative h-element\">\r\n                <!---->\r\n                <!---->\r\n                <div class=\"\">\r\n                  <p>Somos especialistas en interconectar los servicios de im\u00e1genes diagn\u00f3sticas de todas las unidades. Garantizamos la interoperabilidad del cliente, impactamos los tiempos de atenci\u00f3n y mejoramos la calidad del servicio.<\/p>\r\n                <\/div>\r\n              <\/div>\r\n            <\/div>\r\n          <\/div>\r\n        <\/div>\r\n        <div class=\"h-column h-column-container d-flex h-col-lg-auto h-col-md-auto h-col-auto style-382-outer style-local-2-c27-outer\">\r\n          <div data-colibri-id=\"2-c27\" class=\"d-flex h-flex-basis h-column__inner h-px-lg-2 h-px-md-2 h-px-2 v-inner-lg-2 v-inner-md-2 v-inner-2 style-382 style-local-2-c27 position-relative\">\r\n            <!---->\r\n            <!---->\r\n            <div class=\"w-100 h-y-container h-column__content h-column__v-align flex-basis-100 align-self-lg-center align-self-md-center align-self-center\">\r\n              <!---->\r\n              <div data-colibri-id=\"2-c28\" class=\"d-block style-397 style-local-2-c28 position-relative h-element\">\r\n                <!---->\r\n                <div class=\"h-image__frame-container-outer\">\r\n                  <div class=\"h-image__frame-container\">\r\n                    <!---->\r\n                    <!---->\r\n                    <img data-recalc-dims=\"1\" loading=\"lazy\" decoding=\"async\" width=\"761\" height=\"761\" src=\"https:\/\/i0.wp.com\/diagnostica.co\/actual\/wp-content\/uploads\/2022\/05\/cropped-diagnostica-intro.png?resize=761%2C761&#038;ssl=1\" class=\"wp-image-725 style-397-image style-local-2-c28-image\" alt=\"\" srcset=\"https:\/\/i0.wp.com\/diagnostica.co\/actual\/wp-content\/uploads\/2022\/05\/cropped-diagnostica-intro.png?w=761&amp;ssl=1 761w, https:\/\/i0.wp.com\/diagnostica.co\/actual\/wp-content\/uploads\/2022\/05\/cropped-diagnostica-intro.png?resize=300%2C300&amp;ssl=1 300w, https:\/\/i0.wp.com\/diagnostica.co\/actual\/wp-content\/uploads\/2022\/05\/cropped-diagnostica-intro.png?resize=150%2C150&amp;ssl=1 150w\" sizes=\"auto, (max-width: 761px) 100vw, 761px\" \/>\r\n                    <div class=\"h-image__frame h-hide-lg h-hide-md h-hide-sm style-397-frameImage style-local-2-c28-frameImage\"><\/div>\r\n                  <\/div>\r\n                <\/div>\r\n              <\/div>\r\n            <\/div>\r\n          <\/div>\r\n        <\/div>\r\n      <\/div>\r\n    <\/div>\r\n  <\/div>\r\n<\/div>\r\n<\/div>","protected":false},"excerpt":{"rendered":"<p>Experiencia Diagn\u00f3stica IPS S.A.S fue constituida en el a\u00f1o 2009. Desde entonces hemos tenido una amplia experiencia en la prestaci\u00f3n de servicios de diagn\u00f3stico m\u00e9dico con \u00e9nfasis en imagenolog\u00eda. Nuestros clientes son instituciones p\u00fablicas y privadas, en busca de un proveedor con una capacidad log\u00edstica extraordinaria para administrar, coordinar y brindar soluciones a la medida [&hellip;]<\/p>\n","protected":false},"author":1,"featured_media":0,"parent":0,"menu_order":0,"comment_status":"closed","ping_status":"open","template":"page-templates\/full-width-page.php","meta":{"footnotes":""},"class_list":["post-2","page","type-page","status-publish","hentry"],"jetpack_sharing_enabled":true,"jetpack-related-posts":[],"_links":{"self":[{"href":"https:\/\/diagnostica.co\/actual\/wp-json\/wp\/v2\/pages\/2","targetHints":{"allow":["GET"]}}],"collection":[{"href":"https:\/\/diagnostica.co\/actual\/wp-json\/wp\/v2\/pages"}],"about":[{"href":"https:\/\/diagnostica.co\/actual\/wp-json\/wp\/v2\/types\/page"}],"author":[{"embeddable":true,"href":"https:\/\/diagnostica.co\/actual\/wp-json\/wp\/v2\/users\/1"}],"replies":[{"embeddable":true,"href":"https:\/\/diagnostica.co\/actual\/wp-json\/wp\/v2\/comments?post=2"}],"version-history":[{"count":15,"href":"https:\/\/diagnostica.co\/actual\/wp-json\/wp\/v2\/pages\/2\/revisions"}],"predecessor-version":[{"id":1172,"href":"https:\/\/diagnostica.co\/actual\/wp-json\/wp\/v2\/pages\/2\/revisions\/1172"}],"wp:attachment":[{"href":"https:\/\/diagnostica.co\/actual\/wp-json\/wp\/v2\/media?parent=2"}],"curies":[{"name":"wp","href":"https:\/\/api.w.org\/{rel}","templated":true}]}}