{"id":50,"date":"2022-05-21T01:51:07","date_gmt":"2022-05-21T01:51:07","guid":{"rendered":"https:\/\/diagnostica.co\/actual\/colibri-wp\/"},"modified":"2022-05-23T18:18:55","modified_gmt":"2022-05-23T18:18:55","slug":"colibri-wp","status":"publish","type":"page","link":"https:\/\/diagnostica.co\/actual\/","title":{"rendered":"Inicio"},"content":{"rendered":"<div data-colibri-id=\"50-c1\" class=\"style-193 style-local-50-c1 position-relative\">\r\n  <!---->\r\n  <div data-colibri-component=\"section\" data-colibri-id=\"50-c2\" id=\"custom\" class=\"h-section h-section-global-spacing d-flex align-items-lg-center align-items-md-center align-items-center style-206 style-local-50-c2 position-relative\">\r\n    <!---->\r\n    <!---->\r\n    <div class=\"h-section-grid-container h-section-fluid-container\">\r\n      <!---->\r\n      <div data-colibri-id=\"50-c3\" class=\"h-row-container gutters-row-lg-0 gutters-row-md-0 gutters-row-0 gutters-row-v-lg-0 gutters-row-v-md-0 gutters-row-v-0 style-207 style-local-50-c3 position-relative\">\r\n        <!---->\r\n        <div class=\"h-row justify-content-lg-center justify-content-md-center justify-content-center align-items-lg-stretch align-items-md-stretch align-items-stretch gutters-col-lg-0 gutters-col-md-0 gutters-col-0 gutters-col-v-lg-0 gutters-col-v-md-0 gutters-col-v-0\">\r\n          <!---->\r\n          <div class=\"h-column h-column-container d-flex h-col-lg-auto h-col-md-auto h-col-auto style-208-outer style-local-50-c4-outer\">\r\n            <div data-colibri-id=\"50-c4\" class=\"d-flex h-flex-basis h-column__inner h-px-lg-0 h-px-md-0 h-px-0 v-inner-lg-0 v-inner-md-0 v-inner-0 style-208 style-local-50-c4 position-relative\">\r\n              <!---->\r\n              <!---->\r\n              <div class=\"w-100 h-y-container h-column__content h-column__v-align flex-basis-100 align-self-lg-center align-self-md-center align-self-center\">\r\n                <!---->\r\n                <div data-colibri-id=\"50-c5\" class=\"d-block style-212 style-local-50-c5 position-relative h-element\">\r\n                  <!---->\r\n                  <div class=\"h-image__frame-container-outer\">\r\n                    <div class=\"h-image__frame-container\">\r\n                      <!---->\r\n                      <!---->\r\n                      <img data-recalc-dims=\"1\" loading=\"lazy\" decoding=\"async\" width=\"372\" height=\"500\" src=\"https:\/\/i0.wp.com\/diagnostica.co\/actual\/wp-content\/uploads\/2022\/05\/cropped-bg-2-home-1024x500-1.jpg?resize=372%2C500&#038;ssl=1\" class=\"wp-image-287 style-212-image style-local-50-c5-image\" alt=\"\" srcset=\"https:\/\/i0.wp.com\/diagnostica.co\/actual\/wp-content\/uploads\/2022\/05\/cropped-bg-2-home-1024x500-1.jpg?w=372&amp;ssl=1 372w, https:\/\/i0.wp.com\/diagnostica.co\/actual\/wp-content\/uploads\/2022\/05\/cropped-bg-2-home-1024x500-1.jpg?resize=223%2C300&amp;ssl=1 223w\" sizes=\"auto, (max-width: 372px) 100vw, 372px\" \/>\r\n                      <div class=\"h-image__frame h-hide-lg h-hide-md h-hide-sm style-212-frameImage style-local-50-c5-frameImage\"><\/div>\r\n                    <\/div>\r\n                  <\/div>\r\n                <\/div>\r\n              <\/div>\r\n            <\/div>\r\n          <\/div>\r\n          <div class=\"h-column h-column-container d-flex h-col-lg-auto h-col-md-auto h-col-auto style-209-outer style-local-50-c6-outer\">\r\n            <div data-colibri-id=\"50-c6\" class=\"d-flex h-flex-basis h-column__inner h-px-lg-0 h-px-md-0 h-px-0 v-inner-lg-0 v-inner-md-0 v-inner-0 style-209 style-local-50-c6 position-relative\">\r\n              <!---->\r\n              <!---->\r\n              <div class=\"w-100 h-y-container h-column__content h-column__v-align flex-basis-100 align-self-lg-center align-self-md-center align-self-center\">\r\n                <!---->\r\n                <div data-colibri-id=\"50-c7\" class=\"d-block style-213 style-local-50-c7 position-relative h-element\">\r\n                  <!---->\r\n                  <div class=\"h-image__frame-container-outer\">\r\n                    <div class=\"h-image__frame-container\">\r\n                      <!---->\r\n                      <!---->\r\n                      <img data-recalc-dims=\"1\" loading=\"lazy\" decoding=\"async\" width=\"600\" height=\"600\" src=\"https:\/\/i0.wp.com\/diagnostica.co\/actual\/wp-content\/uploads\/2022\/05\/cropped-diagnostica-imagenes-medicas-bogota-software.png?resize=600%2C600&#038;ssl=1\" class=\"wp-image-289 style-213-image style-local-50-c7-image\" alt=\"\" srcset=\"https:\/\/i0.wp.com\/diagnostica.co\/actual\/wp-content\/uploads\/2022\/05\/cropped-diagnostica-imagenes-medicas-bogota-software.png?w=600&amp;ssl=1 600w, https:\/\/i0.wp.com\/diagnostica.co\/actual\/wp-content\/uploads\/2022\/05\/cropped-diagnostica-imagenes-medicas-bogota-software.png?resize=300%2C300&amp;ssl=1 300w, https:\/\/i0.wp.com\/diagnostica.co\/actual\/wp-content\/uploads\/2022\/05\/cropped-diagnostica-imagenes-medicas-bogota-software.png?resize=150%2C150&amp;ssl=1 150w\" sizes=\"auto, (max-width: 600px) 100vw, 600px\" \/>\r\n                      <div class=\"h-image__frame h-hide-lg h-hide-md h-hide-sm style-213-frameImage style-local-50-c7-frameImage\"><\/div>\r\n                    <\/div>\r\n                  <\/div>\r\n                <\/div>\r\n              <\/div>\r\n            <\/div>\r\n          <\/div>\r\n          <div class=\"h-column h-column-container d-flex h-col-lg-auto h-col-md-auto h-col-auto style-210-outer style-local-50-c8-outer\">\r\n            <div data-colibri-id=\"50-c8\" class=\"d-flex h-flex-basis h-column__inner h-px-lg-0 h-px-md-0 h-px-0 v-inner-lg-0 v-inner-md-0 v-inner-0 style-210 style-local-50-c8 position-relative\">\r\n              <!---->\r\n              <!---->\r\n              <div class=\"w-100 h-y-container h-column__content h-column__v-align flex-basis-100 align-self-lg-start align-self-md-start align-self-start\">\r\n                <!---->\r\n                <div data-colibri-id=\"50-c9\" class=\"h-global-transition-all h-heading style-224 style-local-50-c9 position-relative h-element\">\r\n                  <!---->\r\n                  <div class=\"h-heading__outer style-224 style-local-50-c9\">\r\n                    <!---->\r\n                    <!---->\r\n                    <h2 class=\"\">Soluciones a la medida en diagn\u00f3stico m\u00e9dico<\/h2>\r\n                  <\/div>\r\n                <\/div>\r\n                <div data-colibri-id=\"50-c10\" class=\"h-text h-text-component style-225 style-local-50-c10 position-relative h-element\">\r\n                  <!---->\r\n                  <!---->\r\n                  <div class=\"\">\r\n                    <p>Poseemos una capacidad log\u00edstica y administrativa que se adapta a los requerimientos de nuestros clientes. Tenemos en cuenta sus caracter\u00edsticas particulares y su poblaci\u00f3n demandante, as\u00ed como sus procesos administrativos y sus sistemas\r\n                      de informaci\u00f3n.<\/p>\r\n                  <\/div>\r\n                <\/div>\r\n                <div data-colibri-id=\"50-c11\" class=\"h-text h-text-component style-226 style-local-50-c11 position-relative h-element\">\r\n                  <!---->\r\n                  <!---->\r\n                  <div class=\"\">\r\n                    <p>Facilitamos el acceso en l\u00ednea de todos los actores, de forma que garantizamos la integralidad, la oportunidad y la eficiencia en los procesos de diagn\u00f3stico.<\/p>\r\n                  <\/div>\r\n                <\/div>\r\n              <\/div>\r\n            <\/div>\r\n          <\/div>\r\n        <\/div>\r\n      <\/div>\r\n    <\/div>\r\n  <\/div>\r\n  <div data-colibri-component=\"section\" data-colibri-id=\"50-c16\" id=\"custom-2\" class=\"h-section h-section-global-spacing d-flex align-items-lg-center align-items-md-center align-items-center style-231 style-local-50-c16 position-relative\">\r\n    <!---->\r\n    <!---->\r\n    <div class=\"h-section-grid-container h-section-fluid-container\">\r\n      <!---->\r\n      <div data-colibri-id=\"50-c17\" class=\"h-row-container gutters-row-lg-0 gutters-row-md-0 gutters-row-0 gutters-row-v-lg-0 gutters-row-v-md-0 gutters-row-v-0 style-232 style-local-50-c17 position-relative\">\r\n        <!---->\r\n        <div class=\"h-row justify-content-lg-center justify-content-md-center justify-content-center align-items-lg-stretch align-items-md-stretch align-items-stretch gutters-col-lg-0 gutters-col-md-0 gutters-col-0 gutters-col-v-lg-0 gutters-col-v-md-0 gutters-col-v-0\">\r\n          <!---->\r\n          <div class=\"h-column h-column-container d-flex h-col-lg-auto h-col-md-auto h-col-auto style-233-outer style-local-50-c18-outer\">\r\n            <div data-colibri-id=\"50-c18\" class=\"d-flex h-flex-basis h-column__inner h-px-lg-0 h-px-md-0 h-px-0 v-inner-lg-0 v-inner-md-0 v-inner-0 style-233 style-local-50-c18 position-relative\">\r\n              <!---->\r\n              <!---->\r\n              <div class=\"w-100 h-y-container h-column__content h-column__v-align flex-basis-100 align-self-lg-start align-self-md-start align-self-start\">\r\n                <!---->\r\n                <div data-colibri-id=\"50-c19\" class=\"h-global-transition-all h-heading style-239 style-local-50-c19 position-relative h-element\">\r\n                  <!---->\r\n                  <div class=\"h-heading__outer style-239 style-local-50-c19\">\r\n                    <!---->\r\n                    <!---->\r\n                    <h2 class=\"\">\u00bfPor qu\u00e9 nosotros?<\/h2>\r\n                  <\/div>\r\n                <\/div>\r\n                <div data-colibri-id=\"50-c20\" class=\"icon-list d-flex justify-content-lg-center justify-content-md-center justify-content-center style-240 style-local-50-c20 position-relative h-element\">\r\n                  <!---->\r\n                  <ul class=\"ul-list-icon vertical-on-desktop vertical-on-tablet vertical-on-mobile justify-content-lg-center justify-content-md-center justify-content-center\">\r\n                    <!---->\r\n                    <li class=\"list-item no-gutters\">\r\n                      <!---->\r\n                      <div class=\"list-container-divider d-flex justify-content-lg-center justify-content-md-center justify-content-center first-el-spacer\"><\/div> <span class=\"item-link no-gutters\"><div class=\"d-flex h-col no-gutters align-items-lg-center align-items-md-center align-items-center list-item-text-wrapper\"><div class=\"d-flex\"><span  class=\"h-svg-icon style-240-icon style-local-50-c20-icon\"><!--Icon by Font Awesome (https:\/\/fontawesome.com)--><svg version=\"1.1\" xmlns=\"http:\/\/www.w3.org\/2000\/svg\" xmlns:xlink=\"http:\/\/www.w3.org\/1999\/xlink\" id=\"check\" viewBox=\"0 0 1792 1896.0833\"><path d=\"M1671 566q0 40-28 68l-724 724-136 136q-28 28-68 28t-68-28l-136-136-362-362q-28-28-28-68t28-68l136-136q28-28 68-28t68 28l294 295 656-657q28-28 68-28t68 28l136 136q28 28 28 68z\"><\/path><\/svg><\/span><\/div>\r\n                <span class=\"list-text d-block\"><span>Soluciones a la medida.<\/span><\/span>\r\n              <\/div>\r\n              <\/span>\r\n              <div class=\"list-container-divider d-flex justify-content-lg-center justify-content-md-center justify-content-center\">\r\n                <!---->\r\n              <\/div>\r\n              <\/li>\r\n              <li class=\"list-item no-gutters\">\r\n                <!---->\r\n                <!----><span class=\"item-link no-gutters\"><div class=\"d-flex h-col no-gutters align-items-lg-center align-items-md-center align-items-center list-item-text-wrapper\"><div class=\"d-flex\"><span  class=\"h-svg-icon style-240-icon style-local-50-c20-icon\"><!--Icon by Font Awesome (https:\/\/fontawesome.com)--><svg version=\"1.1\" xmlns=\"http:\/\/www.w3.org\/2000\/svg\" xmlns:xlink=\"http:\/\/www.w3.org\/1999\/xlink\" id=\"check\" viewBox=\"0 0 1792 1896.0833\"><path d=\"M1671 566q0 40-28 68l-724 724-136 136q-28 28-68 28t-68-28l-136-136-362-362q-28-28-28-68t28-68l136-136q28-28 68-28t68 28l294 295 656-657q28-28 68-28t68 28l136 136q28 28 28 68z\"><\/path><\/svg><\/span><\/div>\r\n            <span class=\"list-text d-block\"><span>Software propio de lectura y almacenamiento, de la mano de Avantage Health System.<\/span><\/span>\r\n          <\/div>\r\n          <\/span>\r\n          <div class=\"list-container-divider d-flex justify-content-lg-center justify-content-md-center justify-content-center\">\r\n            <!---->\r\n          <\/div>\r\n          <\/li>\r\n          <li class=\"list-item no-gutters\">\r\n            <!---->\r\n            <!----><span class=\"item-link no-gutters\"><div class=\"d-flex h-col no-gutters align-items-lg-center align-items-md-center align-items-center list-item-text-wrapper\"><div class=\"d-flex\"><span  class=\"h-svg-icon style-240-icon style-local-50-c20-icon\"><!--Icon by Font Awesome (https:\/\/fontawesome.com)--><svg version=\"1.1\" xmlns=\"http:\/\/www.w3.org\/2000\/svg\" xmlns:xlink=\"http:\/\/www.w3.org\/1999\/xlink\" id=\"check\" viewBox=\"0 0 1792 1896.0833\"><path d=\"M1671 566q0 40-28 68l-724 724-136 136q-28 28-68 28t-68-28l-136-136-362-362q-28-28-28-68t28-68l136-136q28-28 68-28t68 28l294 295 656-657q28-28 68-28t68 28l136 136q28 28 28 68z\"><\/path><\/svg><\/span><\/div>\r\n        <span class=\"list-text d-block\"><span>Garant\u00eda en la proteci\u00f3n de la informaci\u00f3n.<\/span><\/span>\r\n      <\/div>\r\n      <\/span>\r\n      <div class=\"list-container-divider d-flex justify-content-lg-center justify-content-md-center justify-content-center\">\r\n        <!---->\r\n      <\/div>\r\n      <\/li>\r\n      <li class=\"list-item no-gutters\">\r\n        <!---->\r\n        <!----><span class=\"item-link no-gutters\"><div class=\"d-flex h-col no-gutters align-items-lg-center align-items-md-center align-items-center list-item-text-wrapper\"><div class=\"d-flex\"><span  class=\"h-svg-icon style-240-icon style-local-50-c20-icon\"><!--Icon by Font Awesome (https:\/\/fontawesome.com)--><svg version=\"1.1\" xmlns=\"http:\/\/www.w3.org\/2000\/svg\" xmlns:xlink=\"http:\/\/www.w3.org\/1999\/xlink\" id=\"check\" viewBox=\"0 0 1792 1896.0833\"><path d=\"M1671 566q0 40-28 68l-724 724-136 136q-28 28-68 28t-68-28l-136-136-362-362q-28-28-28-68t28-68l136-136q28-28 68-28t68 28l294 295 656-657q28-28 68-28t68 28l136 136q28 28 28 68z\"><\/path><\/svg><\/span><\/div>\r\n    <span class=\"list-text d-block\"><span>Experiencia en la implementaci\u00f3n del servicio de imagenolog\u00eda en subredes integradas de salud.<\/span><\/span>\r\n  <\/div>\r\n  <\/span>\r\n  <div class=\"list-container-divider d-flex justify-content-lg-center justify-content-md-center justify-content-center\">\r\n    <!---->\r\n  <\/div>\r\n  <\/li>\r\n  <li class=\"list-item no-gutters\">\r\n    <!---->\r\n    <!----><span class=\"item-link no-gutters\"><div class=\"d-flex h-col no-gutters align-items-lg-center align-items-md-center align-items-center list-item-text-wrapper\"><div class=\"d-flex\"><span  class=\"h-svg-icon style-240-icon style-local-50-c20-icon\"><!--Icon by Font Awesome (https:\/\/fontawesome.com)--><svg version=\"1.1\" xmlns=\"http:\/\/www.w3.org\/2000\/svg\" xmlns:xlink=\"http:\/\/www.w3.org\/1999\/xlink\" id=\"check\" viewBox=\"0 0 1792 1896.0833\"><path d=\"M1671 566q0 40-28 68l-724 724-136 136q-28 28-68 28t-68-28l-136-136-362-362q-28-28-28-68t28-68l136-136q28-28 68-28t68 28l294 295 656-657q28-28 68-28t68 28l136 136q28 28 28 68z\"><\/path><\/svg><\/span><\/div>\r\n<span class=\"list-text d-block\"><span>Optimizaci\u00f3n de la oportunidad en la entrega de los informes radiol\u00f3gicos.<\/span><\/span>\r\n<\/div>\r\n<\/span>\r\n<div class=\"list-container-divider d-flex justify-content-lg-center justify-content-md-center justify-content-center\">\r\n  <!---->\r\n<\/div>\r\n<\/li>\r\n<li class=\"list-item no-gutters\">\r\n  <!---->\r\n  <!----><span class=\"item-link no-gutters\"><div class=\"d-flex h-col no-gutters align-items-lg-center align-items-md-center align-items-center list-item-text-wrapper\"><div class=\"d-flex\"><span  class=\"h-svg-icon style-240-icon style-local-50-c20-icon\"><!--Icon by Font Awesome (https:\/\/fontawesome.com)--><svg version=\"1.1\" xmlns=\"http:\/\/www.w3.org\/2000\/svg\" xmlns:xlink=\"http:\/\/www.w3.org\/1999\/xlink\" id=\"check\" viewBox=\"0 0 1792 1896.0833\"><path d=\"M1671 566q0 40-28 68l-724 724-136 136q-28 28-68 28t-68-28l-136-136-362-362q-28-28-28-68t28-68l136-136q28-28 68-28t68 28l294 295 656-657q28-28 68-28t68 28l136 136q28 28 28 68z\"><\/path><\/svg><\/span><\/div>\r\n  <span class=\"list-text d-block\"><span>Capacitaciones permanentes.<\/span><\/span>\r\n  <\/div>\r\n  <\/span>\r\n  <div class=\"list-container-divider d-flex justify-content-lg-center justify-content-md-center justify-content-center\" style=\"display: none;\">\r\n    <!---->\r\n  <\/div>\r\n  <div class=\"list-container-divider d-flex justify-content-lg-center justify-content-md-center justify-content-center last-el-spacer\"><\/div>\r\n<\/li>\r\n<\/ul>\r\n<\/div>\r\n<\/div>\r\n<\/div>\r\n<\/div>\r\n<div class=\"h-column h-column-container d-flex h-col-lg-auto h-col-md-auto h-col-auto style-241-outer style-local-50-c21-outer\">\r\n  <div data-colibri-id=\"50-c21\" class=\"d-flex h-flex-basis h-column__inner h-px-lg-0 h-px-md-0 h-px-0 v-inner-lg-0 v-inner-md-0 v-inner-0 style-241 style-local-50-c21 position-relative\">\r\n    <!---->\r\n    <!---->\r\n    <div class=\"w-100 h-y-container h-column__content h-column__v-align flex-basis-100 align-self-lg-center align-self-md-center align-self-center\">\r\n      <!---->\r\n      <div data-colibri-id=\"50-c22\" class=\"d-block style-242 style-local-50-c22 position-relative h-element\">\r\n        <!---->\r\n        <div class=\"h-image__frame-container-outer\">\r\n          <div class=\"h-image__frame-container\">\r\n            <!---->\r\n            <!---->\r\n            <img data-recalc-dims=\"1\" loading=\"lazy\" decoding=\"async\" width=\"761\" height=\"761\" src=\"https:\/\/i0.wp.com\/diagnostica.co\/actual\/wp-content\/uploads\/2022\/05\/cropped-tomografia-diagnostica2.png?resize=761%2C761&#038;ssl=1\" class=\"wp-image-433 style-242-image style-local-50-c22-image\" alt=\"\" srcset=\"https:\/\/i0.wp.com\/diagnostica.co\/actual\/wp-content\/uploads\/2022\/05\/cropped-tomografia-diagnostica2.png?w=761&amp;ssl=1 761w, https:\/\/i0.wp.com\/diagnostica.co\/actual\/wp-content\/uploads\/2022\/05\/cropped-tomografia-diagnostica2.png?resize=300%2C300&amp;ssl=1 300w, https:\/\/i0.wp.com\/diagnostica.co\/actual\/wp-content\/uploads\/2022\/05\/cropped-tomografia-diagnostica2.png?resize=150%2C150&amp;ssl=1 150w\" sizes=\"auto, (max-width: 761px) 100vw, 761px\" \/>\r\n            <div class=\"h-image__frame h-hide-lg h-hide-md h-hide-sm style-242-frameImage style-local-50-c22-frameImage\"><\/div>\r\n          <\/div>\r\n        <\/div>\r\n      <\/div>\r\n    <\/div>\r\n  <\/div>\r\n<\/div>\r\n<\/div>\r\n<\/div>\r\n<\/div>\r\n<\/div>\r\n<div data-colibri-component=\"section\" data-colibri-id=\"50-c27\" id=\"custom-3\" class=\"h-section h-section-global-spacing d-flex align-items-lg-center align-items-md-center align-items-center style-250 style-local-50-c27 position-relative\">\r\n  <!---->\r\n  <!---->\r\n  <div class=\"h-section-grid-container h-section-boxed-container\">\r\n    <!---->\r\n    <div data-colibri-id=\"50-c28\" class=\"h-row-container gutters-row-lg-2 gutters-row-md-2 gutters-row-0 gutters-row-v-lg-2 gutters-row-v-md-2 gutters-row-v-2 style-251 style-local-50-c28 position-relative\">\r\n      <!---->\r\n      <div class=\"h-row justify-content-lg-center justify-content-md-center justify-content-center align-items-lg-stretch align-items-md-stretch align-items-stretch gutters-col-lg-2 gutters-col-md-2 gutters-col-0 gutters-col-v-lg-2 gutters-col-v-md-2 gutters-col-v-2\">\r\n        <!---->\r\n        <div class=\"h-column h-column-container d-flex h-col-lg-auto h-col-md-auto h-col-auto style-252-outer style-local-50-c29-outer\">\r\n          <div data-colibri-id=\"50-c29\" class=\"d-flex h-flex-basis h-column__inner h-px-lg-2 h-px-md-2 h-px-2 v-inner-lg-2 v-inner-md-2 v-inner-2 style-252 style-local-50-c29 position-relative\">\r\n            <!---->\r\n            <!---->\r\n            <div class=\"w-100 h-y-container h-column__content h-column__v-align flex-basis-100 align-self-lg-start align-self-md-start align-self-start\">\r\n              <!---->\r\n              <div data-colibri-id=\"50-c30\" class=\"h-global-transition-all h-heading style-253 style-local-50-c30 position-relative h-element\">\r\n                <!---->\r\n                <div class=\"h-heading__outer style-253 style-local-50-c30\">\r\n                  <!---->\r\n                  <!---->\r\n                  <h2 class=\"\">Nuestro aliado<\/h2>\r\n                <\/div>\r\n              <\/div>\r\n            <\/div>\r\n          <\/div>\r\n        <\/div>\r\n      <\/div>\r\n    <\/div>\r\n    <div data-colibri-id=\"50-c31\" class=\"h-row-container gutters-row-lg-2 gutters-row-md-2 gutters-row-0 gutters-row-v-lg-2 gutters-row-v-md-2 gutters-row-v-2 style-254 style-local-50-c31 position-relative\">\r\n      <!---->\r\n      <div class=\"h-row justify-content-lg-center justify-content-md-center justify-content-center align-items-lg-stretch align-items-md-stretch align-items-stretch gutters-col-lg-2 gutters-col-md-2 gutters-col-0 gutters-col-v-lg-2 gutters-col-v-md-2 gutters-col-v-2\">\r\n        <!---->\r\n        <div class=\"h-column h-column-container d-flex h-col-lg-auto h-col-md-auto h-col-auto style-255-outer style-local-50-c32-outer\">\r\n          <div data-colibri-id=\"50-c32\" class=\"d-flex h-flex-basis h-column__inner h-px-lg-2 h-px-md-2 h-px-2 v-inner-lg-2 v-inner-md-2 v-inner-2 style-255 style-local-50-c32 position-relative\">\r\n            <!---->\r\n            <!---->\r\n            <div class=\"w-100 h-y-container h-column__content h-column__v-align flex-basis-100 align-self-lg-start align-self-md-start align-self-start\">\r\n              <!---->\r\n              <div data-colibri-id=\"50-c33\" class=\"d-block style-262 style-local-50-c33 position-relative h-element\">\r\n                <!---->\r\n                <div class=\"h-image__frame-container-outer\">\r\n                  <a href=\"https:\/\/avantage.com.co\/\" target=\"_blank\" h-use-smooth-scroll=\"true\" class=\"image-link\" rel=\"noopener\">\r\n                    <div class=\"h-image__frame-container\">\r\n                      <!---->\r\n                      <!---->\r\n                      <img data-recalc-dims=\"1\" loading=\"lazy\" decoding=\"async\" width=\"279\" height=\"75\" src=\"https:\/\/i0.wp.com\/diagnostica.co\/actual\/wp-content\/uploads\/2022\/05\/cropped-cropped-cropped-avantage-2019.png?resize=279%2C75&#038;ssl=1\" class=\"wp-image-555 style-262-image style-local-50-c33-image\" alt=\"\" \/>\r\n                      <div class=\"h-image__frame h-hide-lg h-hide-md h-hide-sm style-262-frameImage style-local-50-c33-frameImage\"><\/div>\r\n                    <\/div>\r\n                  <\/a>\r\n                <\/div>\r\n              <\/div>\r\n            <\/div>\r\n          <\/div>\r\n        <\/div>\r\n      <\/div>\r\n    <\/div>\r\n  <\/div>\r\n<\/div>\r\n<\/div>","protected":false},"excerpt":{"rendered":"<p>Soluciones a la medida en diagn\u00f3stico m\u00e9dico Poseemos una capacidad log\u00edstica y administrativa que se adapta a los requerimientos de nuestros clientes. Tenemos en cuenta sus caracter\u00edsticas particulares y su poblaci\u00f3n demandante, as\u00ed como sus procesos administrativos y sus sistemas de informaci\u00f3n. Facilitamos el acceso en l\u00ednea de todos los actores, de forma que garantizamos [&hellip;]<\/p>\n","protected":false},"author":1,"featured_media":0,"parent":0,"menu_order":0,"comment_status":"closed","ping_status":"closed","template":"page-templates\/homepage.php","meta":{"footnotes":""},"class_list":["post-50","page","type-page","status-publish","hentry"],"jetpack_sharing_enabled":true,"jetpack-related-posts":[],"_links":{"self":[{"href":"https:\/\/diagnostica.co\/actual\/wp-json\/wp\/v2\/pages\/50","targetHints":{"allow":["GET"]}}],"collection":[{"href":"https:\/\/diagnostica.co\/actual\/wp-json\/wp\/v2\/pages"}],"about":[{"href":"https:\/\/diagnostica.co\/actual\/wp-json\/wp\/v2\/types\/page"}],"author":[{"embeddable":true,"href":"https:\/\/diagnostica.co\/actual\/wp-json\/wp\/v2\/users\/1"}],"replies":[{"embeddable":true,"href":"https:\/\/diagnostica.co\/actual\/wp-json\/wp\/v2\/comments?post=50"}],"version-history":[{"count":20,"href":"https:\/\/diagnostica.co\/actual\/wp-json\/wp\/v2\/pages\/50\/revisions"}],"predecessor-version":[{"id":1171,"href":"https:\/\/diagnostica.co\/actual\/wp-json\/wp\/v2\/pages\/50\/revisions\/1171"}],"wp:attachment":[{"href":"https:\/\/diagnostica.co\/actual\/wp-json\/wp\/v2\/media?parent=50"}],"curies":[{"name":"wp","href":"https:\/\/api.w.org\/{rel}","templated":true}]}}